{"id":743,"date":"2020-10-29T11:09:37","date_gmt":"2020-10-29T09:09:37","guid":{"rendered":"https:\/\/atleaseprod.wpengine.com\/leasing\/?page_id=743"},"modified":"2024-12-12T14:41:31","modified_gmt":"2024-12-12T12:41:31","slug":"yritysleasing-kumppanit","status":"publish","type":"page","link":"https:\/\/atleaseprod.wpengine.com\/leasing\/yritysleasing\/yritysleasing-kumppanit\/","title":{"rendered":"Yritysleasing-kumppanit"},"content":{"rendered":"\t\t<div data-elementor-type=\"wp-page\" data-elementor-id=\"743\" class=\"elementor elementor-743\" data-elementor-post-type=\"page\">\n\t\t\t\t\t\t<section class=\"elementor-section elementor-top-section elementor-element elementor-element-26c9cb5 elementor-section-boxed elementor-section-height-default elementor-section-height-default\" data-id=\"26c9cb5\" data-element_type=\"section\" data-e-type=\"section\">\n\t\t\t\t\t\t<div class=\"elementor-container elementor-column-gap-default\">\n\t\t\t\t\t<div class=\"elementor-column elementor-col-100 elementor-top-column elementor-element elementor-element-e616a45\" data-id=\"e616a45\" data-element_type=\"column\" data-e-type=\"column\">\n\t\t\t<div class=\"elementor-widget-wrap elementor-element-populated\">\n\t\t\t\t\t\t<div class=\"elementor-element elementor-element-a565c16 elementor-widget elementor-widget-global elementor-global-860 elementor-widget-text-editor\" data-id=\"a565c16\" data-element_type=\"widget\" data-e-type=\"widget\" data-widget_type=\"text-editor.default\">\n\t\t\t\t<div class=\"elementor-widget-container\">\n\t\t\t\t\t\t\t\t\t<a style=\"padding-right: 10px\" href=\"https:\/\/www.autotalli.com\/leasing\/yritysleasing\/kilpailuta-yritysleasing\/\">KILPAILUTA<\/a>\n\n|\n<a style=\"padding-right: 10px;padding-left: 10px\" href=\"https:\/\/www.autotalli.com\/leasing\/yritysleasing\/yritysleasing-kumppanit\/\">KUMPPANIT<\/a>\n|\n<a style=\"padding-right: 10px;padding-left: 10px\" href=\"https:\/\/www.autotalli.com\/leasing\/yritysleasing\/artikkelit\/\">ARTIKKELIT<\/a>\t\t\t\t\t\t\t\t<\/div>\n\t\t\t\t<\/div>\n\t\t\t\t\t<\/div>\n\t\t<\/div>\n\t\t\t\t\t<\/div>\n\t\t<\/section>\n\t\t\t\t<section class=\"elementor-section elementor-top-section elementor-element elementor-element-b24a532 elementor-section-boxed elementor-section-height-default elementor-section-height-default\" data-id=\"b24a532\" data-element_type=\"section\" data-e-type=\"section\">\n\t\t\t\t\t\t<div class=\"elementor-container elementor-column-gap-default\">\n\t\t\t\t\t<div class=\"elementor-column elementor-col-100 elementor-top-column elementor-element elementor-element-34d4fbc\" data-id=\"34d4fbc\" data-element_type=\"column\" data-e-type=\"column\">\n\t\t\t<div class=\"elementor-widget-wrap elementor-element-populated\">\n\t\t\t\t\t\t<div class=\"elementor-element elementor-element-553778e elementor-widget elementor-widget-heading\" data-id=\"553778e\" data-element_type=\"widget\" data-e-type=\"widget\" data-widget_type=\"heading.default\">\n\t\t\t\t<div class=\"elementor-widget-container\">\n\t\t\t\t\t<h1 class=\"elementor-heading-title elementor-size-default\">YRITYSLEASINGIN KUMPPANIT<\/h1>\t\t\t\t<\/div>\n\t\t\t\t<\/div>\n\t\t\t\t<div class=\"elementor-element elementor-element-193e675 elementor-widget elementor-widget-text-editor\" data-id=\"193e675\" data-element_type=\"widget\" data-e-type=\"widget\" data-widget_type=\"text-editor.default\">\n\t\t\t\t<div class=\"elementor-widget-container\">\n\t\t\t\t\t\t\t\t\t<p>T\u00e4\u00e4ll\u00e4 listaamme kaikki yritysleasingin kumppanit.<\/p>\t\t\t\t\t\t\t\t<\/div>\n\t\t\t\t<\/div>\n\t\t\t\t\t<\/div>\n\t\t<\/div>\n\t\t\t\t\t<\/div>\n\t\t<\/section>\n\t\t\t\t<section class=\"elementor-section elementor-top-section elementor-element elementor-element-0efbe9e elementor-section-boxed elementor-section-height-default elementor-section-height-default\" data-id=\"0efbe9e\" data-element_type=\"section\" data-e-type=\"section\" data-settings=\"{&quot;background_background&quot;:&quot;classic&quot;}\">\n\t\t\t\t\t\t<div class=\"elementor-container elementor-column-gap-no\">\n\t\t\t\t\t<div class=\"elementor-column elementor-col-100 elementor-top-column elementor-element elementor-element-6bf923d\" data-id=\"6bf923d\" data-element_type=\"column\" data-e-type=\"column\" data-settings=\"{&quot;background_background&quot;:&quot;classic&quot;}\">\n\t\t\t<div class=\"elementor-widget-wrap elementor-element-populated\">\n\t\t\t\t\t\t<section class=\"elementor-section elementor-inner-section elementor-element elementor-element-fed4c55 elementor-section-full_width elementor-section-height-default elementor-section-height-default\" data-id=\"fed4c55\" data-element_type=\"section\" data-e-type=\"section\">\n\t\t\t\t\t\t<div class=\"elementor-container elementor-column-gap-no\">\n\t\t\t\t\t<div class=\"elementor-column elementor-col-100 elementor-inner-column elementor-element elementor-element-d1e8365\" data-id=\"d1e8365\" data-element_type=\"column\" data-e-type=\"column\">\n\t\t\t<div class=\"elementor-widget-wrap elementor-element-populated\">\n\t\t\t\t\t\t<div class=\"elementor-element elementor-element-9433bb7 elementor-posts--align-left elementor-grid-tablet-3 elementor-posts__hover-none elementor-grid-3 elementor-grid-mobile-1 elementor-posts--thumbnail-top elementor-card-shadow-yes elementor-widget elementor-widget-posts\" data-id=\"9433bb7\" data-element_type=\"widget\" data-e-type=\"widget\" data-settings=\"{&quot;cards_columns_tablet&quot;:&quot;3&quot;,&quot;cards_columns&quot;:&quot;3&quot;,&quot;cards_columns_mobile&quot;:&quot;1&quot;,&quot;cards_row_gap&quot;:{&quot;unit&quot;:&quot;px&quot;,&quot;size&quot;:35,&quot;sizes&quot;:[]},&quot;cards_row_gap_tablet&quot;:{&quot;unit&quot;:&quot;px&quot;,&quot;size&quot;:&quot;&quot;,&quot;sizes&quot;:[]},&quot;cards_row_gap_mobile&quot;:{&quot;unit&quot;:&quot;px&quot;,&quot;size&quot;:&quot;&quot;,&quot;sizes&quot;:[]}}\" data-widget_type=\"posts.cards\">\n\t\t\t\t<div class=\"elementor-widget-container\">\n\t\t\t\t\t\t\t<div class=\"elementor-posts-container elementor-posts elementor-posts--skin-cards elementor-grid\">\n\t\t\t\t<article class=\"elementor-post elementor-grid-item post-322 post type-post status-publish format-standard has-post-thumbnail hentry category-yritysleasing tag-yritysleasing-kumppani\">\n\t\t\t<div class=\"elementor-post__card\">\n\t\t\t\t<a class=\"elementor-post__thumbnail__link\" href=\"https:\/\/atleaseprod.wpengine.com\/leasing\/yritysleasing\/autokeskus-yritysmyynti\/\" tabindex=\"-1\" ><div class=\"elementor-post__thumbnail\"><img fetchpriority=\"high\" decoding=\"async\" width=\"500\" height=\"333\" src=\"https:\/\/atleaseprod.wpengine.com\/leasing\/wp-content\/uploads\/sites\/2\/2020\/08\/autokeskus-yritysmyynti-artikkelikuva.jpg\" class=\"attachment-medium_large size-medium_large wp-image-531\" alt=\"\" srcset=\"https:\/\/atleaseprod.wpengine.com\/leasing\/wp-content\/uploads\/sites\/2\/2020\/08\/autokeskus-yritysmyynti-artikkelikuva.jpg 500w, https:\/\/atleaseprod.wpengine.com\/leasing\/wp-content\/uploads\/sites\/2\/2020\/08\/autokeskus-yritysmyynti-artikkelikuva-300x200.jpg 300w\" sizes=\"(max-width: 500px) 100vw, 500px\" \/><\/div><\/a>\n\t\t\t\t<div class=\"elementor-post__text\">\n\t\t\t\t<h3 class=\"elementor-post__title\">\n\t\t\t<a href=\"https:\/\/atleaseprod.wpengine.com\/leasing\/yritysleasing\/autokeskus-yritysmyynti\/\" >\n\t\t\t\tAutokeskus Yritysmyynti\t\t\t<\/a>\n\t\t<\/h3>\n\t\t\t\t<\/div>\n\t\t\t\t<div class=\"elementor-post__meta-data\">\n\t\t\t\t\t<span class=\"elementor-post-date\">\n\t\t\t18.8.2020\t\t<\/span>\n\t\t\t\t<\/div>\n\t\t\t\t\t<\/div>\n\t\t<\/article>\n\t\t\t\t<article class=\"elementor-post elementor-grid-item post-961 post type-post status-publish format-standard has-post-thumbnail hentry category-yritysleasing tag-yritysleasing-kumppani\">\n\t\t\t<div class=\"elementor-post__card\">\n\t\t\t\t<a class=\"elementor-post__thumbnail__link\" href=\"https:\/\/atleaseprod.wpengine.com\/leasing\/yritysleasing\/autoliike-lahdemaki-yritysmyynti\/\" tabindex=\"-1\" ><div class=\"elementor-post__thumbnail\"><img decoding=\"async\" width=\"500\" height=\"333\" src=\"https:\/\/atleaseprod.wpengine.com\/leasing\/wp-content\/uploads\/sites\/2\/2020\/11\/autoliike-lahdemaki-artikkelikuva.jpg\" class=\"attachment-medium_large size-medium_large wp-image-1100\" alt=\"\" srcset=\"https:\/\/atleaseprod.wpengine.com\/leasing\/wp-content\/uploads\/sites\/2\/2020\/11\/autoliike-lahdemaki-artikkelikuva.jpg 500w, https:\/\/atleaseprod.wpengine.com\/leasing\/wp-content\/uploads\/sites\/2\/2020\/11\/autoliike-lahdemaki-artikkelikuva-300x200.jpg 300w\" sizes=\"(max-width: 500px) 100vw, 500px\" \/><\/div><\/a>\n\t\t\t\t<div class=\"elementor-post__text\">\n\t\t\t\t<h3 class=\"elementor-post__title\">\n\t\t\t<a href=\"https:\/\/atleaseprod.wpengine.com\/leasing\/yritysleasing\/autoliike-lahdemaki-yritysmyynti\/\" >\n\t\t\t\tAutoliike L\u00e4hdem\u00e4ki yritysmyynti\t\t\t<\/a>\n\t\t<\/h3>\n\t\t\t\t<\/div>\n\t\t\t\t<div class=\"elementor-post__meta-data\">\n\t\t\t\t\t<span class=\"elementor-post-date\">\n\t\t\t26.11.2020\t\t<\/span>\n\t\t\t\t<\/div>\n\t\t\t\t\t<\/div>\n\t\t<\/article>\n\t\t\t\t<article class=\"elementor-post elementor-grid-item post-1640 post type-post status-publish format-standard has-post-thumbnail hentry category-yritysleasing tag-yritysleasing-kumppani\">\n\t\t\t<div class=\"elementor-post__card\">\n\t\t\t\t<a class=\"elementor-post__thumbnail__link\" href=\"https:\/\/atleaseprod.wpengine.com\/leasing\/yritysleasing\/jarvileasing\/\" tabindex=\"-1\" ><div class=\"elementor-post__thumbnail\"><img decoding=\"async\" width=\"500\" height=\"333\" src=\"https:\/\/atleaseprod.wpengine.com\/leasing\/wp-content\/uploads\/sites\/2\/2021\/08\/jarvileasing-yritysleasing-artikkelikuva2.jpg\" class=\"attachment-medium_large size-medium_large wp-image-1956\" alt=\"\" srcset=\"https:\/\/atleaseprod.wpengine.com\/leasing\/wp-content\/uploads\/sites\/2\/2021\/08\/jarvileasing-yritysleasing-artikkelikuva2.jpg 500w, https:\/\/atleaseprod.wpengine.com\/leasing\/wp-content\/uploads\/sites\/2\/2021\/08\/jarvileasing-yritysleasing-artikkelikuva2-300x200.jpg 300w\" sizes=\"(max-width: 500px) 100vw, 500px\" \/><\/div><\/a>\n\t\t\t\t<div class=\"elementor-post__text\">\n\t\t\t\t<h3 class=\"elementor-post__title\">\n\t\t\t<a href=\"https:\/\/atleaseprod.wpengine.com\/leasing\/yritysleasing\/jarvileasing\/\" >\n\t\t\t\tJ\u00e4rvileasing\t\t\t<\/a>\n\t\t<\/h3>\n\t\t\t\t<\/div>\n\t\t\t\t<div class=\"elementor-post__meta-data\">\n\t\t\t\t\t<span class=\"elementor-post-date\">\n\t\t\t20.8.2021\t\t<\/span>\n\t\t\t\t<\/div>\n\t\t\t\t\t<\/div>\n\t\t<\/article>\n\t\t\t\t<article class=\"elementor-post elementor-grid-item post-1121 post type-post status-publish format-standard has-post-thumbnail hentry category-yritysleasing tag-yritysleasing-kumppani\">\n\t\t\t<div class=\"elementor-post__card\">\n\t\t\t\t<a class=\"elementor-post__thumbnail__link\" href=\"https:\/\/atleaseprod.wpengine.com\/leasing\/yritysleasing\/k-auto-yritysleasing\/\" tabindex=\"-1\" ><div class=\"elementor-post__thumbnail\"><img loading=\"lazy\" decoding=\"async\" width=\"500\" height=\"333\" src=\"https:\/\/atleaseprod.wpengine.com\/leasing\/wp-content\/uploads\/sites\/2\/2020\/11\/k-auto-logo-artikkelikuva.png\" class=\"attachment-medium_large size-medium_large wp-image-1648\" alt=\"\" srcset=\"https:\/\/atleaseprod.wpengine.com\/leasing\/wp-content\/uploads\/sites\/2\/2020\/11\/k-auto-logo-artikkelikuva.png 500w, https:\/\/atleaseprod.wpengine.com\/leasing\/wp-content\/uploads\/sites\/2\/2020\/11\/k-auto-logo-artikkelikuva-300x200.png 300w\" sizes=\"(max-width: 500px) 100vw, 500px\" \/><\/div><\/a>\n\t\t\t\t<div class=\"elementor-post__text\">\n\t\t\t\t<h3 class=\"elementor-post__title\">\n\t\t\t<a href=\"https:\/\/atleaseprod.wpengine.com\/leasing\/yritysleasing\/k-auto-yritysleasing\/\" >\n\t\t\t\tK Auto Yritysleasing\t\t\t<\/a>\n\t\t<\/h3>\n\t\t\t\t<\/div>\n\t\t\t\t<div class=\"elementor-post__meta-data\">\n\t\t\t\t\t<span class=\"elementor-post-date\">\n\t\t\t16.12.2020\t\t<\/span>\n\t\t\t\t<\/div>\n\t\t\t\t\t<\/div>\n\t\t<\/article>\n\t\t\t\t<article class=\"elementor-post elementor-grid-item post-319 post type-post status-publish format-standard has-post-thumbnail hentry category-yritysleasing tag-yritysleasing-kumppani\">\n\t\t\t<div class=\"elementor-post__card\">\n\t\t\t\t<a class=\"elementor-post__thumbnail__link\" href=\"https:\/\/atleaseprod.wpengine.com\/leasing\/yritysleasing\/veho-yritysmyynti\/\" tabindex=\"-1\" ><div class=\"elementor-post__thumbnail\"><img loading=\"lazy\" decoding=\"async\" width=\"500\" height=\"333\" src=\"https:\/\/atleaseprod.wpengine.com\/leasing\/wp-content\/uploads\/sites\/2\/2020\/08\/veho-yritysleasing-artikkelikuva.jpg\" class=\"attachment-medium_large size-medium_large wp-image-1095\" alt=\"\" srcset=\"https:\/\/atleaseprod.wpengine.com\/leasing\/wp-content\/uploads\/sites\/2\/2020\/08\/veho-yritysleasing-artikkelikuva.jpg 500w, https:\/\/atleaseprod.wpengine.com\/leasing\/wp-content\/uploads\/sites\/2\/2020\/08\/veho-yritysleasing-artikkelikuva-300x200.jpg 300w\" sizes=\"(max-width: 500px) 100vw, 500px\" \/><\/div><\/a>\n\t\t\t\t<div class=\"elementor-post__text\">\n\t\t\t\t<h3 class=\"elementor-post__title\">\n\t\t\t<a href=\"https:\/\/atleaseprod.wpengine.com\/leasing\/yritysleasing\/veho-yritysmyynti\/\" >\n\t\t\t\tVeho Yritysmyynti\t\t\t<\/a>\n\t\t<\/h3>\n\t\t\t\t<\/div>\n\t\t\t\t<div class=\"elementor-post__meta-data\">\n\t\t\t\t\t<span class=\"elementor-post-date\">\n\t\t\t18.8.2020\t\t<\/span>\n\t\t\t\t<\/div>\n\t\t\t\t\t<\/div>\n\t\t<\/article>\n\t\t\t\t<\/div>\n\t\t\n\t\t\t\t\t\t<\/div>\n\t\t\t\t<\/div>\n\t\t\t\t\t<\/div>\n\t\t<\/div>\n\t\t\t\t\t<\/div>\n\t\t<\/section>\n\t\t\t\t\t<\/div>\n\t\t<\/div>\n\t\t\t\t\t<\/div>\n\t\t<\/section>\n\t\t\t\t<section class=\"elementor-section elementor-top-section elementor-element elementor-element-2ac415f elementor-section-boxed elementor-section-height-default elementor-section-height-default\" data-id=\"2ac415f\" data-element_type=\"section\" data-e-type=\"section\">\n\t\t\t\t\t\t<div class=\"elementor-container elementor-column-gap-default\">\n\t\t\t\t\t<div class=\"elementor-column elementor-col-100 elementor-top-column elementor-element elementor-element-9f55965\" data-id=\"9f55965\" data-element_type=\"column\" data-e-type=\"column\">\n\t\t\t<div class=\"elementor-widget-wrap elementor-element-populated\">\n\t\t\t\t\t\t<div class=\"elementor-element elementor-element-7d75da8 elementor-align-left elementor-mobile-align-center elementor-widget elementor-widget-global elementor-global-861 elementor-widget-button\" data-id=\"7d75da8\" data-element_type=\"widget\" data-e-type=\"widget\" data-widget_type=\"button.default\">\n\t\t\t\t<div class=\"elementor-widget-container\">\n\t\t\t\t\t\t\t\t\t<div class=\"elementor-button-wrapper\">\n\t\t\t\t\t<a class=\"elementor-button elementor-button-link elementor-size-md\" href=\"\/leasing\/yritysleasing\/\">\n\t\t\t\t\t\t<span class=\"elementor-button-content-wrapper\">\n\t\t\t\t\t\t<span class=\"elementor-button-icon\">\n\t\t\t\t<svg xmlns=\"http:\/\/www.w3.org\/2000\/svg\" xmlns:xlink=\"http:\/\/www.w3.org\/1999\/xlink\" id=\"Layer_1\" x=\"0px\" y=\"0px\" viewBox=\"0 0 448 512\" style=\"enable-background:new 0 0 448 512;\" xml:space=\"preserve\"><style type=\"text\/css\">\t.st0{fill:#499EA3;}<\/style><path class=\"st0\" d=\"M98.5,239L292.9,44.7c9.4-9.4,24.6-9.4,33.9,0l22.7,22.7c9.4,9.4,9.4,24.5,0,33.9L195.5,256l154,154.7  c9.3,9.4,9.3,24.5,0,33.9l-22.7,22.7c-9.4,9.4-24.6,9.4-33.9,0L98.5,273C89.2,263.6,89.2,248.4,98.5,239L98.5,239z\"><\/path><\/svg>\t\t\t<\/span>\n\t\t\t\t\t\t\t\t\t<span class=\"elementor-button-text\">YRITYSLEASING ETUSIVU<\/span>\n\t\t\t\t\t<\/span>\n\t\t\t\t\t<\/a>\n\t\t\t\t<\/div>\n\t\t\t\t\t\t\t\t<\/div>\n\t\t\t\t<\/div>\n\t\t\t\t\t<\/div>\n\t\t<\/div>\n\t\t\t\t\t<\/div>\n\t\t<\/section>\n\t\t\t\t<\/div>\n\t\t","protected":false},"excerpt":{"rendered":"<p>KILPAILUTA | KUMPPANIT | ARTIKKELIT YRITYSLEASINGIN KUMPPANIT T\u00e4\u00e4ll\u00e4 listaamme kaikki yritysleasingin kumppanit. .st0{fill:#499EA3;} YRITYSLEASING ETUSIVU<\/p>\n","protected":false},"author":5,"featured_media":0,"parent":242,"menu_order":0,"comment_status":"closed","ping_status":"closed","template":"elementor_header_footer","meta":{"inline_featured_image":false,"footnotes":""},"class_list":["post-743","page","type-page","status-publish","hentry"],"yoast_head":"<!-- This site is optimized with the Yoast SEO plugin v27.5 - https:\/\/yoast.com\/product\/yoast-seo-wordpress\/ -->\n<title>Kumppanimme yritysleasingissa | Autotalli.com<\/title>\n<meta name=\"description\" content=\"Listaus yritysleasing-kumppaneistamme.\" \/>\n<meta name=\"robots\" content=\"index, follow, max-snippet:-1, max-image-preview:large, max-video-preview:-1\" \/>\n<link rel=\"canonical\" href=\"https:\/\/www.autotalli.com\/leasing\/wp-json\/wp\/v2\/pages\/743\" \/>\n<meta property=\"og:locale\" content=\"fi_FI\" \/>\n<meta property=\"og:type\" content=\"article\" \/>\n<meta property=\"og:title\" content=\"Kumppanimme yritysleasingissa | Autotalli.com\" \/>\n<meta property=\"og:description\" content=\"Listaus yritysleasing-kumppaneistamme.\" \/>\n<meta property=\"og:url\" content=\"https:\/\/atleaseprod.wpengine.com\/leasing\/yritysleasing\/yritysleasing-kumppanit\/\" \/>\n<meta property=\"article:modified_time\" content=\"2024-12-12T12:41:31+00:00\" \/>\n<meta name=\"twitter:card\" content=\"summary_large_image\" \/>\n<meta name=\"twitter:label1\" content=\"Arvioitu lukuaika\" \/>\n\t<meta name=\"twitter:data1\" content=\"1 minuutti\" \/>\n<script type=\"application\/ld+json\" class=\"yoast-schema-graph\">{\"@context\":\"https:\\\/\\\/schema.org\",\"@graph\":[{\"@type\":\"WebPage\",\"@id\":\"https:\\\/\\\/atleaseprod.wpengine.com\\\/leasing\\\/yritysleasing\\\/yritysleasing-kumppanit\\\/\",\"url\":\"https:\\\/\\\/atleaseprod.wpengine.com\\\/leasing\\\/yritysleasing\\\/yritysleasing-kumppanit\\\/\",\"name\":\"Kumppanimme yritysleasingissa | Autotalli.com\",\"isPartOf\":{\"@id\":\"https:\\\/\\\/atleaseprod.wpengine.com\\\/leasing\\\/#website\"},\"datePublished\":\"2020-10-29T09:09:37+00:00\",\"dateModified\":\"2024-12-12T12:41:31+00:00\",\"description\":\"Listaus yritysleasing-kumppaneistamme.\",\"breadcrumb\":{\"@id\":\"https:\\\/\\\/atleaseprod.wpengine.com\\\/leasing\\\/yritysleasing\\\/yritysleasing-kumppanit\\\/#breadcrumb\"},\"inLanguage\":\"fi\",\"potentialAction\":[{\"@type\":\"ReadAction\",\"target\":[\"https:\\\/\\\/atleaseprod.wpengine.com\\\/leasing\\\/yritysleasing\\\/yritysleasing-kumppanit\\\/\"]}]},{\"@type\":\"BreadcrumbList\",\"@id\":\"https:\\\/\\\/atleaseprod.wpengine.com\\\/leasing\\\/yritysleasing\\\/yritysleasing-kumppanit\\\/#breadcrumb\",\"itemListElement\":[{\"@type\":\"ListItem\",\"position\":1,\"name\":\"Etusivu\",\"item\":\"https:\\\/\\\/atleaseprod.wpengine.com\\\/leasing\\\/\"},{\"@type\":\"ListItem\",\"position\":2,\"name\":\"Yritysleasing\",\"item\":\"https:\\\/\\\/atleaseprod.wpengine.com\\\/leasing\\\/yritysleasing\\\/\"},{\"@type\":\"ListItem\",\"position\":3,\"name\":\"Yritysleasing-kumppanit\"}]},{\"@type\":\"WebSite\",\"@id\":\"https:\\\/\\\/atleaseprod.wpengine.com\\\/leasing\\\/#website\",\"url\":\"https:\\\/\\\/atleaseprod.wpengine.com\\\/leasing\\\/\",\"name\":\"\",\"description\":\"\",\"potentialAction\":[{\"@type\":\"SearchAction\",\"target\":{\"@type\":\"EntryPoint\",\"urlTemplate\":\"https:\\\/\\\/atleaseprod.wpengine.com\\\/leasing\\\/?s={search_term_string}\"},\"query-input\":{\"@type\":\"PropertyValueSpecification\",\"valueRequired\":true,\"valueName\":\"search_term_string\"}}],\"inLanguage\":\"fi\"}]}<\/script>\n<!-- \/ Yoast SEO plugin. -->","yoast_head_json":{"title":"Kumppanimme yritysleasingissa | Autotalli.com","description":"Listaus yritysleasing-kumppaneistamme.","robots":{"index":"index","follow":"follow","max-snippet":"max-snippet:-1","max-image-preview":"max-image-preview:large","max-video-preview":"max-video-preview:-1"},"canonical":"https:\/\/www.autotalli.com\/leasing\/wp-json\/wp\/v2\/pages\/743","og_locale":"fi_FI","og_type":"article","og_title":"Kumppanimme yritysleasingissa | Autotalli.com","og_description":"Listaus yritysleasing-kumppaneistamme.","og_url":"https:\/\/atleaseprod.wpengine.com\/leasing\/yritysleasing\/yritysleasing-kumppanit\/","article_modified_time":"2024-12-12T12:41:31+00:00","twitter_card":"summary_large_image","twitter_misc":{"Arvioitu lukuaika":"1 minuutti"},"schema":{"@context":"https:\/\/schema.org","@graph":[{"@type":"WebPage","@id":"https:\/\/atleaseprod.wpengine.com\/leasing\/yritysleasing\/yritysleasing-kumppanit\/","url":"https:\/\/atleaseprod.wpengine.com\/leasing\/yritysleasing\/yritysleasing-kumppanit\/","name":"Kumppanimme yritysleasingissa | Autotalli.com","isPartOf":{"@id":"https:\/\/atleaseprod.wpengine.com\/leasing\/#website"},"datePublished":"2020-10-29T09:09:37+00:00","dateModified":"2024-12-12T12:41:31+00:00","description":"Listaus yritysleasing-kumppaneistamme.","breadcrumb":{"@id":"https:\/\/atleaseprod.wpengine.com\/leasing\/yritysleasing\/yritysleasing-kumppanit\/#breadcrumb"},"inLanguage":"fi","potentialAction":[{"@type":"ReadAction","target":["https:\/\/atleaseprod.wpengine.com\/leasing\/yritysleasing\/yritysleasing-kumppanit\/"]}]},{"@type":"BreadcrumbList","@id":"https:\/\/atleaseprod.wpengine.com\/leasing\/yritysleasing\/yritysleasing-kumppanit\/#breadcrumb","itemListElement":[{"@type":"ListItem","position":1,"name":"Etusivu","item":"https:\/\/atleaseprod.wpengine.com\/leasing\/"},{"@type":"ListItem","position":2,"name":"Yritysleasing","item":"https:\/\/atleaseprod.wpengine.com\/leasing\/yritysleasing\/"},{"@type":"ListItem","position":3,"name":"Yritysleasing-kumppanit"}]},{"@type":"WebSite","@id":"https:\/\/atleaseprod.wpengine.com\/leasing\/#website","url":"https:\/\/atleaseprod.wpengine.com\/leasing\/","name":"","description":"","potentialAction":[{"@type":"SearchAction","target":{"@type":"EntryPoint","urlTemplate":"https:\/\/atleaseprod.wpengine.com\/leasing\/?s={search_term_string}"},"query-input":{"@type":"PropertyValueSpecification","valueRequired":true,"valueName":"search_term_string"}}],"inLanguage":"fi"}]}},"_links":{"self":[{"href":"https:\/\/atleaseprod.wpengine.com\/leasing\/wp-json\/wp\/v2\/pages\/743","targetHints":{"allow":["GET"]}}],"collection":[{"href":"https:\/\/atleaseprod.wpengine.com\/leasing\/wp-json\/wp\/v2\/pages"}],"about":[{"href":"https:\/\/atleaseprod.wpengine.com\/leasing\/wp-json\/wp\/v2\/types\/page"}],"author":[{"embeddable":true,"href":"https:\/\/atleaseprod.wpengine.com\/leasing\/wp-json\/wp\/v2\/users\/5"}],"replies":[{"embeddable":true,"href":"https:\/\/atleaseprod.wpengine.com\/leasing\/wp-json\/wp\/v2\/comments?post=743"}],"version-history":[{"count":0,"href":"https:\/\/atleaseprod.wpengine.com\/leasing\/wp-json\/wp\/v2\/pages\/743\/revisions"}],"up":[{"embeddable":true,"href":"https:\/\/atleaseprod.wpengine.com\/leasing\/wp-json\/wp\/v2\/pages\/242"}],"wp:attachment":[{"href":"https:\/\/atleaseprod.wpengine.com\/leasing\/wp-json\/wp\/v2\/media?parent=743"}],"curies":[{"name":"wp","href":"https:\/\/api.w.org\/{rel}","templated":true}]}}