{"id":425,"date":"2021-04-09T11:59:40","date_gmt":"2021-04-09T08:59:40","guid":{"rendered":"https:\/\/atleaseprod.wpengine.com\/mediatiedot\/?page_id=425"},"modified":"2024-12-18T21:19:37","modified_gmt":"2024-12-18T19:19:37","slug":"kohdekohtainen-lisanakyvyys","status":"publish","type":"page","link":"https:\/\/atleaseprod.wpengine.com\/mediatiedot\/kohdekohtainen-lisanakyvyys\/","title":{"rendered":"Kohdekohtainen lis\u00e4n\u00e4kyvyys"},"content":{"rendered":"\t\t<div data-elementor-type=\"wp-page\" data-elementor-id=\"425\" class=\"elementor elementor-425\" data-elementor-post-type=\"page\">\n\t\t\t\t\t\t<section class=\"elementor-section elementor-top-section elementor-element elementor-element-77be890 elementor-section-boxed elementor-section-height-default elementor-section-height-default\" data-id=\"77be890\" data-element_type=\"section\" data-e-type=\"section\">\n\t\t\t\t\t\t<div class=\"elementor-container elementor-column-gap-default\">\n\t\t\t\t\t<div class=\"elementor-column elementor-col-100 elementor-top-column elementor-element elementor-element-5628f91\" data-id=\"5628f91\" data-element_type=\"column\" data-e-type=\"column\">\n\t\t\t<div class=\"elementor-widget-wrap elementor-element-populated\">\n\t\t\t\t\t\t<div class=\"elementor-element elementor-element-75360fe elementor-nav-menu__align-center elementor-nav-menu--dropdown-none elementor-widget elementor-widget-global elementor-global-76 elementor-widget-nav-menu\" data-id=\"75360fe\" data-element_type=\"widget\" data-e-type=\"widget\" data-settings=\"{&quot;layout&quot;:&quot;horizontal&quot;,&quot;submenu_icon&quot;:{&quot;value&quot;:&quot;fas fa-caret-down&quot;,&quot;library&quot;:&quot;fa-solid&quot;}}\" data-widget_type=\"nav-menu.default\">\n\t\t\t\t<div class=\"elementor-widget-container\">\n\t\t\t\t\t\t\t\t<nav aria-label=\"Menu\" class=\"elementor-nav-menu--main elementor-nav-menu__container elementor-nav-menu--layout-horizontal e--pointer-none\">\n\t\t\t\t<ul id=\"menu-1-75360fe\" class=\"elementor-nav-menu\"><li class=\"menu-item menu-item-type-custom menu-item-object-custom menu-item-home menu-item-63\"><a href=\"https:\/\/atleaseprod.wpengine.com\/mediatiedot\/\" class=\"elementor-item\">ETUSIVU<\/a><\/li>\n<li class=\"menu-item menu-item-type-custom menu-item-object-custom menu-item-62\"><a href=\"https:\/\/atleaseprod.wpengine.com\/mediatiedot\/autoilmoittelu\/\" class=\"elementor-item\">AUTOILMOITTELU<\/a><\/li>\n<li class=\"menu-item menu-item-type-post_type menu-item-object-page menu-item-548\"><a href=\"https:\/\/atleaseprod.wpengine.com\/mediatiedot\/mainoshinnasto\/\" class=\"elementor-item\">MAINONTA<\/a><\/li>\n<li class=\"menu-item menu-item-type-custom menu-item-object-custom menu-item-470\"><a href=\"https:\/\/atleaseprod.wpengine.com\/mediatiedot\/aineisto-ohjeet\/\" class=\"elementor-item\">AINEISTON TOIMITUSOHJEET<\/a><\/li>\n<li class=\"menu-item menu-item-type-custom menu-item-object-custom menu-item-434\"><a href=\"https:\/\/www.almamobility.fi\/tuotteet\/autotalli\/#ota-yhteytta\" class=\"elementor-item elementor-item-anchor\">YHTEYSTIEDOT<\/a><\/li>\n<\/ul>\t\t\t<\/nav>\n\t\t\t\t\t\t<nav class=\"elementor-nav-menu--dropdown elementor-nav-menu__container\" aria-hidden=\"true\">\n\t\t\t\t<ul id=\"menu-2-75360fe\" class=\"elementor-nav-menu\"><li class=\"menu-item menu-item-type-custom menu-item-object-custom menu-item-home menu-item-63\"><a href=\"https:\/\/atleaseprod.wpengine.com\/mediatiedot\/\" class=\"elementor-item\" tabindex=\"-1\">ETUSIVU<\/a><\/li>\n<li class=\"menu-item menu-item-type-custom menu-item-object-custom menu-item-62\"><a href=\"https:\/\/atleaseprod.wpengine.com\/mediatiedot\/autoilmoittelu\/\" class=\"elementor-item\" tabindex=\"-1\">AUTOILMOITTELU<\/a><\/li>\n<li class=\"menu-item menu-item-type-post_type menu-item-object-page menu-item-548\"><a href=\"https:\/\/atleaseprod.wpengine.com\/mediatiedot\/mainoshinnasto\/\" class=\"elementor-item\" tabindex=\"-1\">MAINONTA<\/a><\/li>\n<li class=\"menu-item menu-item-type-custom menu-item-object-custom menu-item-470\"><a href=\"https:\/\/atleaseprod.wpengine.com\/mediatiedot\/aineisto-ohjeet\/\" class=\"elementor-item\" tabindex=\"-1\">AINEISTON TOIMITUSOHJEET<\/a><\/li>\n<li class=\"menu-item menu-item-type-custom menu-item-object-custom menu-item-434\"><a href=\"https:\/\/www.almamobility.fi\/tuotteet\/autotalli\/#ota-yhteytta\" class=\"elementor-item elementor-item-anchor\" tabindex=\"-1\">YHTEYSTIEDOT<\/a><\/li>\n<\/ul>\t\t\t<\/nav>\n\t\t\t\t\t\t<\/div>\n\t\t\t\t<\/div>\n\t\t\t\t\t<\/div>\n\t\t<\/div>\n\t\t\t\t\t<\/div>\n\t\t<\/section>\n\t\t\t\t<section class=\"elementor-section elementor-top-section elementor-element elementor-element-1b0acd5 elementor-section-full_width elementor-section-height-default elementor-section-height-default\" data-id=\"1b0acd5\" data-element_type=\"section\" data-e-type=\"section\">\n\t\t\t\t\t\t<div class=\"elementor-container elementor-column-gap-no\">\n\t\t\t\t\t<div class=\"elementor-column elementor-col-100 elementor-top-column elementor-element elementor-element-d33bf21\" data-id=\"d33bf21\" data-element_type=\"column\" data-e-type=\"column\">\n\t\t\t<div class=\"elementor-widget-wrap elementor-element-populated\">\n\t\t\t\t\t\t<section class=\"elementor-section elementor-inner-section elementor-element elementor-element-6672a39 elementor-section-boxed elementor-section-height-default elementor-section-height-default\" data-id=\"6672a39\" data-element_type=\"section\" data-e-type=\"section\">\n\t\t\t\t\t\t<div class=\"elementor-container elementor-column-gap-default\">\n\t\t\t\t\t<div class=\"elementor-column elementor-col-100 elementor-inner-column elementor-element elementor-element-c31789d\" data-id=\"c31789d\" data-element_type=\"column\" data-e-type=\"column\">\n\t\t\t<div class=\"elementor-widget-wrap elementor-element-populated\">\n\t\t\t\t\t\t<div class=\"elementor-element elementor-element-250fe21 elementor-widget elementor-widget-heading\" data-id=\"250fe21\" data-element_type=\"widget\" data-e-type=\"widget\" data-widget_type=\"heading.default\">\n\t\t\t\t<div class=\"elementor-widget-container\">\n\t\t\t\t\t<h1 class=\"elementor-heading-title elementor-size-default\">Kohdekohtainen lis\u00e4n\u00e4kyvyys<\/h1>\t\t\t\t<\/div>\n\t\t\t\t<\/div>\n\t\t\t\t\t<\/div>\n\t\t<\/div>\n\t\t\t\t\t<\/div>\n\t\t<\/section>\n\t\t\t\t\t<\/div>\n\t\t<\/div>\n\t\t\t\t\t<\/div>\n\t\t<\/section>\n\t\t\t\t<section class=\"elementor-section elementor-top-section elementor-element elementor-element-bdeb2e3 elementor-section-boxed elementor-section-height-default elementor-section-height-default\" data-id=\"bdeb2e3\" data-element_type=\"section\" data-e-type=\"section\">\n\t\t\t\t\t\t<div class=\"elementor-container elementor-column-gap-default\">\n\t\t\t\t\t<div class=\"elementor-column elementor-col-100 elementor-top-column elementor-element elementor-element-47766d4\" data-id=\"47766d4\" data-element_type=\"column\" data-e-type=\"column\">\n\t\t\t<div class=\"elementor-widget-wrap elementor-element-populated\">\n\t\t\t\t\t\t<div class=\"elementor-element elementor-element-995d608 elementor-widget elementor-widget-image\" data-id=\"995d608\" data-element_type=\"widget\" data-e-type=\"widget\" data-widget_type=\"image.default\">\n\t\t\t\t<div class=\"elementor-widget-container\">\n\t\t\t\t\t\t\t\t\t\t\t\t\t\t\t<img fetchpriority=\"high\" decoding=\"async\" width=\"800\" height=\"800\" src=\"https:\/\/atleaseprod.wpengine.com\/mediatiedot\/wp-content\/uploads\/sites\/4\/2021\/02\/autotalli_karki_logo_2021-03.svg\" class=\"attachment-large size-large wp-image-166\" alt=\"\" \/>\t\t\t\t\t\t\t\t\t\t\t\t\t\t\t<\/div>\n\t\t\t\t<\/div>\n\t\t\t\t<div class=\"elementor-element elementor-element-d14dc5d elementor-widget elementor-widget-text-editor\" data-id=\"d14dc5d\" data-element_type=\"widget\" data-e-type=\"widget\" data-widget_type=\"text-editor.default\">\n\t\t\t\t<div class=\"elementor-widget-container\">\n\t\t\t\t\t\t\t\t\t<p>Nosta ilmoituksesi hakutuloslistan k\u00e4rkipaikalle<\/p>\t\t\t\t\t\t\t\t<\/div>\n\t\t\t\t<\/div>\n\t\t\t\t<div class=\"elementor-element elementor-element-4bdd5bd elementor-widget elementor-widget-image\" data-id=\"4bdd5bd\" data-element_type=\"widget\" data-e-type=\"widget\" data-widget_type=\"image.default\">\n\t\t\t\t<div class=\"elementor-widget-container\">\n\t\t\t\t\t\t\t\t\t\t\t\t\t\t\t<img decoding=\"async\" width=\"800\" height=\"512\" src=\"https:\/\/atleaseprod.wpengine.com\/mediatiedot\/wp-content\/uploads\/sites\/4\/2021\/04\/karkipaikka-1.jpg\" class=\"attachment-large size-large wp-image-429\" alt=\"\" srcset=\"https:\/\/atleaseprod.wpengine.com\/mediatiedot\/wp-content\/uploads\/sites\/4\/2021\/04\/karkipaikka-1.jpg 1000w, https:\/\/atleaseprod.wpengine.com\/mediatiedot\/wp-content\/uploads\/sites\/4\/2021\/04\/karkipaikka-1-300x192.jpg 300w, https:\/\/atleaseprod.wpengine.com\/mediatiedot\/wp-content\/uploads\/sites\/4\/2021\/04\/karkipaikka-1-768x492.jpg 768w\" sizes=\"(max-width: 800px) 100vw, 800px\" \/>\t\t\t\t\t\t\t\t\t\t\t\t\t\t\t<\/div>\n\t\t\t\t<\/div>\n\t\t\t\t<div class=\"elementor-element elementor-element-d16419e elementor-align-center elementor-widget elementor-widget-button\" data-id=\"d16419e\" data-element_type=\"widget\" data-e-type=\"widget\" data-widget_type=\"button.default\">\n\t\t\t\t<div class=\"elementor-widget-container\">\n\t\t\t\t\t\t\t\t\t<div class=\"elementor-button-wrapper\">\n\t\t\t\t\t<a class=\"elementor-button elementor-button-link elementor-size-md\" href=\"\/mediatiedot\/karkipaikka\/\">\n\t\t\t\t\t\t<span class=\"elementor-button-content-wrapper\">\n\t\t\t\t\t\t\t\t\t<span class=\"elementor-button-text\">TUTUSTU K\u00c4RKIPAIKKAAN<\/span>\n\t\t\t\t\t<\/span>\n\t\t\t\t\t<\/a>\n\t\t\t\t<\/div>\n\t\t\t\t\t\t\t\t<\/div>\n\t\t\t\t<\/div>\n\t\t\t\t\t<\/div>\n\t\t<\/div>\n\t\t\t\t\t<\/div>\n\t\t<\/section>\n\t\t\t\t<\/div>\n\t\t","protected":false},"excerpt":{"rendered":"<p>Kohdekohtainen lis\u00e4n\u00e4kyvyys Nosta ilmoituksesi hakutuloslistan k\u00e4rkipaikalle TUTUSTU K\u00c4RKIPAIKKAAN<\/p>\n","protected":false},"author":6,"featured_media":0,"parent":0,"menu_order":0,"comment_status":"closed","ping_status":"closed","template":"elementor_header_footer","meta":{"inline_featured_image":false,"footnotes":""},"class_list":["post-425","page","type-page","status-publish","hentry"],"yoast_head":"<!-- This site is optimized with the Yoast SEO plugin v27.3 - https:\/\/yoast.com\/product\/yoast-seo-wordpress\/ -->\n<title>Kohdekohtainen lis\u00e4n\u00e4kyvyys - Mediatiedot | Autotalli.com<\/title>\n<meta name=\"description\" content=\"Lis\u00e4\u00e4 autosi n\u00e4kyvyytt\u00e4 kohdennetuilla mainosratkaisuilla Autotalli.comissa. Tehosta ilmoitustesi n\u00e4kyvyytt\u00e4.\" \/>\n<meta name=\"robots\" content=\"index, follow, max-snippet:-1, max-image-preview:large, max-video-preview:-1\" \/>\n<link rel=\"canonical\" href=\"https:\/\/www.autotalli.com\/mediatiedot\/wp-json\/wp\/v2\/pages\/425\" \/>\n<meta property=\"og:locale\" content=\"fi_FI\" \/>\n<meta property=\"og:type\" content=\"article\" \/>\n<meta property=\"og:title\" content=\"Kohdekohtainen lis\u00e4n\u00e4kyvyys - Mediatiedot | Autotalli.com\" \/>\n<meta property=\"og:description\" content=\"Lis\u00e4\u00e4 autosi n\u00e4kyvyytt\u00e4 kohdennetuilla mainosratkaisuilla Autotalli.comissa. Tehosta ilmoitustesi n\u00e4kyvyytt\u00e4.\" \/>\n<meta property=\"og:url\" content=\"https:\/\/atleaseprod.wpengine.com\/mediatiedot\/kohdekohtainen-lisanakyvyys\/\" \/>\n<meta property=\"article:modified_time\" content=\"2024-12-18T19:19:37+00:00\" \/>\n<meta property=\"og:image\" content=\"https:\/\/atleaseprod.wpengine.com\/mediatiedot\/wp-content\/uploads\/sites\/4\/2021\/02\/autotalli_karki_logo_2021-03.svg\" \/>\n<meta name=\"twitter:card\" content=\"summary_large_image\" \/>\n<meta name=\"twitter:label1\" content=\"Arvioitu lukuaika\" \/>\n\t<meta name=\"twitter:data1\" content=\"1 minuutti\" \/>\n<script type=\"application\/ld+json\" class=\"yoast-schema-graph\">{\"@context\":\"https:\\\/\\\/schema.org\",\"@graph\":[{\"@type\":\"WebPage\",\"@id\":\"https:\\\/\\\/atleaseprod.wpengine.com\\\/mediatiedot\\\/kohdekohtainen-lisanakyvyys\\\/\",\"url\":\"https:\\\/\\\/atleaseprod.wpengine.com\\\/mediatiedot\\\/kohdekohtainen-lisanakyvyys\\\/\",\"name\":\"Kohdekohtainen lis\u00e4n\u00e4kyvyys - Mediatiedot | Autotalli.com\",\"isPartOf\":{\"@id\":\"https:\\\/\\\/atleaseprod.wpengine.com\\\/mediatiedot\\\/#website\"},\"primaryImageOfPage\":{\"@id\":\"https:\\\/\\\/atleaseprod.wpengine.com\\\/mediatiedot\\\/kohdekohtainen-lisanakyvyys\\\/#primaryimage\"},\"image\":{\"@id\":\"https:\\\/\\\/atleaseprod.wpengine.com\\\/mediatiedot\\\/kohdekohtainen-lisanakyvyys\\\/#primaryimage\"},\"thumbnailUrl\":\"https:\\\/\\\/atleaseprod.wpengine.com\\\/mediatiedot\\\/wp-content\\\/uploads\\\/sites\\\/4\\\/2021\\\/02\\\/autotalli_karki_logo_2021-03.svg\",\"datePublished\":\"2021-04-09T08:59:40+00:00\",\"dateModified\":\"2024-12-18T19:19:37+00:00\",\"description\":\"Lis\u00e4\u00e4 autosi n\u00e4kyvyytt\u00e4 kohdennetuilla mainosratkaisuilla Autotalli.comissa. Tehosta ilmoitustesi n\u00e4kyvyytt\u00e4.\",\"breadcrumb\":{\"@id\":\"https:\\\/\\\/atleaseprod.wpengine.com\\\/mediatiedot\\\/kohdekohtainen-lisanakyvyys\\\/#breadcrumb\"},\"inLanguage\":\"fi\",\"potentialAction\":[{\"@type\":\"ReadAction\",\"target\":[\"https:\\\/\\\/atleaseprod.wpengine.com\\\/mediatiedot\\\/kohdekohtainen-lisanakyvyys\\\/\"]}]},{\"@type\":\"ImageObject\",\"inLanguage\":\"fi\",\"@id\":\"https:\\\/\\\/atleaseprod.wpengine.com\\\/mediatiedot\\\/kohdekohtainen-lisanakyvyys\\\/#primaryimage\",\"url\":\"https:\\\/\\\/atleaseprod.wpengine.com\\\/mediatiedot\\\/wp-content\\\/uploads\\\/sites\\\/4\\\/2021\\\/02\\\/autotalli_karki_logo_2021-03.svg\",\"contentUrl\":\"https:\\\/\\\/atleaseprod.wpengine.com\\\/mediatiedot\\\/wp-content\\\/uploads\\\/sites\\\/4\\\/2021\\\/02\\\/autotalli_karki_logo_2021-03.svg\"},{\"@type\":\"BreadcrumbList\",\"@id\":\"https:\\\/\\\/atleaseprod.wpengine.com\\\/mediatiedot\\\/kohdekohtainen-lisanakyvyys\\\/#breadcrumb\",\"itemListElement\":[{\"@type\":\"ListItem\",\"position\":1,\"name\":\"Etusivu\",\"item\":\"https:\\\/\\\/atleaseprod.wpengine.com\\\/mediatiedot\\\/\"},{\"@type\":\"ListItem\",\"position\":2,\"name\":\"Kohdekohtainen lis\u00e4n\u00e4kyvyys\"}]},{\"@type\":\"WebSite\",\"@id\":\"https:\\\/\\\/atleaseprod.wpengine.com\\\/mediatiedot\\\/#website\",\"url\":\"https:\\\/\\\/atleaseprod.wpengine.com\\\/mediatiedot\\\/\",\"name\":\"\",\"description\":\"\",\"potentialAction\":[{\"@type\":\"SearchAction\",\"target\":{\"@type\":\"EntryPoint\",\"urlTemplate\":\"https:\\\/\\\/atleaseprod.wpengine.com\\\/mediatiedot\\\/?s={search_term_string}\"},\"query-input\":{\"@type\":\"PropertyValueSpecification\",\"valueRequired\":true,\"valueName\":\"search_term_string\"}}],\"inLanguage\":\"fi\"}]}<\/script>\n<!-- \/ Yoast SEO plugin. -->","yoast_head_json":{"title":"Kohdekohtainen lis\u00e4n\u00e4kyvyys - Mediatiedot | Autotalli.com","description":"Lis\u00e4\u00e4 autosi n\u00e4kyvyytt\u00e4 kohdennetuilla mainosratkaisuilla Autotalli.comissa. Tehosta ilmoitustesi n\u00e4kyvyytt\u00e4.","robots":{"index":"index","follow":"follow","max-snippet":"max-snippet:-1","max-image-preview":"max-image-preview:large","max-video-preview":"max-video-preview:-1"},"canonical":"https:\/\/www.autotalli.com\/mediatiedot\/wp-json\/wp\/v2\/pages\/425","og_locale":"fi_FI","og_type":"article","og_title":"Kohdekohtainen lis\u00e4n\u00e4kyvyys - Mediatiedot | Autotalli.com","og_description":"Lis\u00e4\u00e4 autosi n\u00e4kyvyytt\u00e4 kohdennetuilla mainosratkaisuilla Autotalli.comissa. Tehosta ilmoitustesi n\u00e4kyvyytt\u00e4.","og_url":"https:\/\/atleaseprod.wpengine.com\/mediatiedot\/kohdekohtainen-lisanakyvyys\/","article_modified_time":"2024-12-18T19:19:37+00:00","og_image":[{"url":"https:\/\/atleaseprod.wpengine.com\/mediatiedot\/wp-content\/uploads\/sites\/4\/2021\/02\/autotalli_karki_logo_2021-03.svg","type":"","width":"","height":""}],"twitter_card":"summary_large_image","twitter_misc":{"Arvioitu lukuaika":"1 minuutti"},"schema":{"@context":"https:\/\/schema.org","@graph":[{"@type":"WebPage","@id":"https:\/\/atleaseprod.wpengine.com\/mediatiedot\/kohdekohtainen-lisanakyvyys\/","url":"https:\/\/atleaseprod.wpengine.com\/mediatiedot\/kohdekohtainen-lisanakyvyys\/","name":"Kohdekohtainen lis\u00e4n\u00e4kyvyys - Mediatiedot | Autotalli.com","isPartOf":{"@id":"https:\/\/atleaseprod.wpengine.com\/mediatiedot\/#website"},"primaryImageOfPage":{"@id":"https:\/\/atleaseprod.wpengine.com\/mediatiedot\/kohdekohtainen-lisanakyvyys\/#primaryimage"},"image":{"@id":"https:\/\/atleaseprod.wpengine.com\/mediatiedot\/kohdekohtainen-lisanakyvyys\/#primaryimage"},"thumbnailUrl":"https:\/\/atleaseprod.wpengine.com\/mediatiedot\/wp-content\/uploads\/sites\/4\/2021\/02\/autotalli_karki_logo_2021-03.svg","datePublished":"2021-04-09T08:59:40+00:00","dateModified":"2024-12-18T19:19:37+00:00","description":"Lis\u00e4\u00e4 autosi n\u00e4kyvyytt\u00e4 kohdennetuilla mainosratkaisuilla Autotalli.comissa. Tehosta ilmoitustesi n\u00e4kyvyytt\u00e4.","breadcrumb":{"@id":"https:\/\/atleaseprod.wpengine.com\/mediatiedot\/kohdekohtainen-lisanakyvyys\/#breadcrumb"},"inLanguage":"fi","potentialAction":[{"@type":"ReadAction","target":["https:\/\/atleaseprod.wpengine.com\/mediatiedot\/kohdekohtainen-lisanakyvyys\/"]}]},{"@type":"ImageObject","inLanguage":"fi","@id":"https:\/\/atleaseprod.wpengine.com\/mediatiedot\/kohdekohtainen-lisanakyvyys\/#primaryimage","url":"https:\/\/atleaseprod.wpengine.com\/mediatiedot\/wp-content\/uploads\/sites\/4\/2021\/02\/autotalli_karki_logo_2021-03.svg","contentUrl":"https:\/\/atleaseprod.wpengine.com\/mediatiedot\/wp-content\/uploads\/sites\/4\/2021\/02\/autotalli_karki_logo_2021-03.svg"},{"@type":"BreadcrumbList","@id":"https:\/\/atleaseprod.wpengine.com\/mediatiedot\/kohdekohtainen-lisanakyvyys\/#breadcrumb","itemListElement":[{"@type":"ListItem","position":1,"name":"Etusivu","item":"https:\/\/atleaseprod.wpengine.com\/mediatiedot\/"},{"@type":"ListItem","position":2,"name":"Kohdekohtainen lis\u00e4n\u00e4kyvyys"}]},{"@type":"WebSite","@id":"https:\/\/atleaseprod.wpengine.com\/mediatiedot\/#website","url":"https:\/\/atleaseprod.wpengine.com\/mediatiedot\/","name":"","description":"","potentialAction":[{"@type":"SearchAction","target":{"@type":"EntryPoint","urlTemplate":"https:\/\/atleaseprod.wpengine.com\/mediatiedot\/?s={search_term_string}"},"query-input":{"@type":"PropertyValueSpecification","valueRequired":true,"valueName":"search_term_string"}}],"inLanguage":"fi"}]}},"_links":{"self":[{"href":"https:\/\/atleaseprod.wpengine.com\/mediatiedot\/wp-json\/wp\/v2\/pages\/425","targetHints":{"allow":["GET"]}}],"collection":[{"href":"https:\/\/atleaseprod.wpengine.com\/mediatiedot\/wp-json\/wp\/v2\/pages"}],"about":[{"href":"https:\/\/atleaseprod.wpengine.com\/mediatiedot\/wp-json\/wp\/v2\/types\/page"}],"author":[{"embeddable":true,"href":"https:\/\/atleaseprod.wpengine.com\/mediatiedot\/wp-json\/wp\/v2\/users\/6"}],"replies":[{"embeddable":true,"href":"https:\/\/atleaseprod.wpengine.com\/mediatiedot\/wp-json\/wp\/v2\/comments?post=425"}],"version-history":[{"count":0,"href":"https:\/\/atleaseprod.wpengine.com\/mediatiedot\/wp-json\/wp\/v2\/pages\/425\/revisions"}],"wp:attachment":[{"href":"https:\/\/atleaseprod.wpengine.com\/mediatiedot\/wp-json\/wp\/v2\/media?parent=425"}],"curies":[{"name":"wp","href":"https:\/\/api.w.org\/{rel}","templated":true}]}}